{"id":1437,"date":"2021-08-19T00:53:08","date_gmt":"2021-08-19T00:53:08","guid":{"rendered":"https:\/\/www.injazco.net\/dienstleistungen\/"},"modified":"2021-09-08T01:29:56","modified_gmt":"2021-09-08T01:29:56","slug":"dienstleistungen","status":"publish","type":"page","link":"https:\/\/meat.injazco.net\/de\/dienstleistungen\/","title":{"rendered":"Dienstleistungen"},"content":{"rendered":"\t\t<div data-elementor-type=\"wp-page\" data-elementor-id=\"1437\" class=\"elementor elementor-1437\">\n\t\t\t\t\t\t\t\t\t<section class=\"elementor-section elementor-top-section elementor-element elementor-element-ae2cf53 elementor-section-stretched elementor-section-full_width elementor-section-height-default elementor-section-height-default\" data-id=\"ae2cf53\" data-element_type=\"section\" data-settings=\"{&quot;stretch_section&quot;:&quot;section-stretched&quot;}\">\n\t\t\t\t\t\t<div class=\"elementor-container elementor-column-gap-no\">\n\t\t\t\t\t<div class=\"elementor-column elementor-col-100 elementor-top-column elementor-element elementor-element-f6ffe2d\" data-id=\"f6ffe2d\" data-element_type=\"column\">\n\t\t\t<div class=\"elementor-widget-wrap elementor-element-populated\">\n\t\t\t\t\t\t\t\t<div class=\"elementor-element elementor-element-5cecb80 elementor-widget elementor-widget-corvex_h3_features\" data-id=\"5cecb80\" data-element_type=\"widget\" data-widget_type=\"corvex_h3_features.default\">\n\t\t\t\t<div class=\"elementor-widget-container\">\n\t\t\t        \n\t\t<!--Start Features Style3 Area-->\n\t\t<div class=\" features-style3-area\">\n\t\t\t<div class=\"container\">\n\t\t\t\t<div class=\"col-xl-12\">\n\t\t\t\t\t<div class=\"features-style3-box\">\n\t\t\t\t\t\t\t\t\t\t\t\t<div class=\"shape1\">\n\t\t\t\t\t\t\t<img decoding=\"async\" src=\"https:\/\/meat.injazco.net\/wp-content\/uploads\/2021\/02\/shape-6.png\" alt=\"\"\/>\n\t\t\t\t\t\t\t\t\t\t\t\t\t<\/div>\n\t\t\t\t\t\t\t\t\t\t\t\t<div class=\"shape2\">\n\t\t\t\t\t\t\t<img decoding=\"async\" src=\"https:\/\/meat.injazco.net\/wp-content\/uploads\/2021\/02\/shape-6.png\" alt=\"\"\/>\n\t\t\t\t\t\t\t\t\t\t\t\t\t<\/div>\n\t\t\t\t\t\t<ul>\n\t\t\t\t\t\t\t\t\t\t\t\t\t\t<li>\n\t\t\t\t\t\t\t   <!--Start Single Features Style3-->\n\t\t\t\t\t\t\t\t<div class=\"single-features-style3 text-center\">\n\t\t\t\t\t\t\t\t\t<div class=\"icon-holder thm_bgclr1\">\n\t\t\t\t\t\t\t\t\t\t<span class=\"icon icon-meat\"><\/span>\n\t\t\t\t\t\t\t\t\t<\/div>\n\t\t\t\t\t\t\t\t\t<div class=\"title-holder\">\n\t\t\t\t\t\t\t\t\t\t<h3>Fleisch<\/h3>\n\t\t\t\t\t\t\t\t\t\t<p>Wir f\u00fchren k\u00f6stliche Bio-Fleischproduktion ein, die von den Verbrauchern zubereitet werden kann.<\/p>\n\t\t\t\t\t\t\t\t\t\t\t\t\t\t\t\t\t\t\t<\/div>\n\t\t\t\t\t\t\t\t<\/div>\n\t\t\t\t\t\t\t\t<!--End Single Features Style3-->\n\t\t\t\t\t\t\t<\/li>\n\t\t\t\t\t\t\t\t\t\t\t\t\t\t<li>\n\t\t\t\t\t\t\t   <!--Start Single Features Style3-->\n\t\t\t\t\t\t\t\t<div class=\"single-features-style3 text-center\">\n\t\t\t\t\t\t\t\t\t<div class=\"icon-holder thm_bgclr1\">\n\t\t\t\t\t\t\t\t\t\t<span class=\"icon icon-meat-1\"><\/span>\n\t\t\t\t\t\t\t\t\t<\/div>\n\t\t\t\t\t\t\t\t\t<div class=\"title-holder\">\n\t\t\t\t\t\t\t\t\t\t<h3>Leber<\/h3>\n\t\t\t\t\t\t\t\t\t\t<p>Wir sind einer der gr\u00f6\u00dften Leberimporteure in \u00c4gypten. Um Ihrer Hygiene zus\u00e4tzliche Sorgfalt und Aufmerksamkeit zu verleihen, indem Sie feinstes Fleisch liefern.<\/p>\n\t\t\t\t\t\t\t\t\t\t\t\t\t\t\t\t\t\t\t<\/div>\n\t\t\t\t\t\t\t\t<\/div>\n\t\t\t\t\t\t\t\t<!--End Single Features Style3-->\n\t\t\t\t\t\t\t<\/li>\n\t\t\t\t\t\t\t\t\t\t\t\t\t<\/ul>\n\t\t\t\t\t<\/div>\n\t\t\t\t<\/div>\n\t\t\t<\/div>\n\t\t<\/div>\n\t\t<!--End Features Style3 Area-->\n             \n\t\t\t\t<\/div>\n\t\t\t\t<\/div>\n\t\t\t\t\t<\/div>\n\t\t<\/div>\n\t\t\t\t\t\t\t<\/div>\n\t\t<\/section>\n\t\t\t\t\t\t\t<\/div>\n\t\t","protected":false},"excerpt":{"rendered":"<p>Fleisch Wir f\u00fchren k\u00f6stliche Bio-Fleischproduktion ein, die von den Verbrauchern zubereitet werden kann. Leber Wir sind einer der gr\u00f6\u00dften Leberimporteure in \u00c4gypten. Um Ihrer Hygiene zus\u00e4tzliche Sorgfalt und Aufmerksamkeit zu verleihen, indem Sie feinstes Fleisch liefern.<\/p>\n","protected":false},"author":1,"featured_media":0,"parent":0,"menu_order":0,"comment_status":"closed","ping_status":"closed","template":"tpl-default-elementor.php","meta":{"footnotes":""},"class_list":["post-1437","page","type-page","status-publish","hentry"],"_links":{"self":[{"href":"https:\/\/meat.injazco.net\/de\/wp-json\/wp\/v2\/pages\/1437","targetHints":{"allow":["GET"]}}],"collection":[{"href":"https:\/\/meat.injazco.net\/de\/wp-json\/wp\/v2\/pages"}],"about":[{"href":"https:\/\/meat.injazco.net\/de\/wp-json\/wp\/v2\/types\/page"}],"author":[{"embeddable":true,"href":"https:\/\/meat.injazco.net\/de\/wp-json\/wp\/v2\/users\/1"}],"replies":[{"embeddable":true,"href":"https:\/\/meat.injazco.net\/de\/wp-json\/wp\/v2\/comments?post=1437"}],"version-history":[{"count":5,"href":"https:\/\/meat.injazco.net\/de\/wp-json\/wp\/v2\/pages\/1437\/revisions"}],"predecessor-version":[{"id":1583,"href":"https:\/\/meat.injazco.net\/de\/wp-json\/wp\/v2\/pages\/1437\/revisions\/1583"}],"wp:attachment":[{"href":"https:\/\/meat.injazco.net\/de\/wp-json\/wp\/v2\/media?parent=1437"}],"curies":[{"name":"wp","href":"https:\/\/api.w.org\/{rel}","templated":true}]}}