{"id":1441,"date":"2021-08-19T00:53:13","date_gmt":"2021-08-19T00:53:13","guid":{"rendered":"https:\/\/www.injazco.net\/referenzen\/"},"modified":"2021-08-19T01:16:25","modified_gmt":"2021-08-19T01:16:25","slug":"referenzen","status":"publish","type":"page","link":"https:\/\/meat.injazco.net\/de\/referenzen\/","title":{"rendered":"Referenzen"},"content":{"rendered":"\t\t<div data-elementor-type=\"wp-page\" data-elementor-id=\"1441\" class=\"elementor elementor-1441\">\n\t\t\t\t\t\t\t\t\t<section class=\"elementor-section elementor-top-section elementor-element elementor-element-521a7dcb elementor-section-stretched elementor-section-boxed elementor-section-height-default elementor-section-height-default\" data-id=\"521a7dcb\" data-element_type=\"section\" data-settings=\"{&quot;stretch_section&quot;:&quot;section-stretched&quot;}\">\n\t\t\t\t\t\t<div class=\"elementor-container elementor-column-gap-no\">\n\t\t\t\t\t<div class=\"elementor-column elementor-col-50 elementor-top-column elementor-element elementor-element-e4b9d72\" data-id=\"e4b9d72\" data-element_type=\"column\">\n\t\t\t<div class=\"elementor-widget-wrap elementor-element-populated\">\n\t\t\t\t\t\t\t\t<div class=\"elementor-element elementor-element-7e58e228 elementor-widget elementor-widget-corvex_h3_testimonial_left\" data-id=\"7e58e228\" data-element_type=\"widget\" data-widget_type=\"corvex_h3_testimonial_left.default\">\n\t\t\t\t<div class=\"elementor-widget-container\">\n\t\t\t        \n\t\t<!--Start Testimonial style2 Area-->\n\t\t<section class=\" testimonial-style2-area\">\n\t\t\t<div class=\"container\">\n\t\t\t\t<div class=\"row\">\n\t\t\t\t\t<div class=\"col-xl-12\">\n\t\t\t\t\t\t<div class=\"testimonial-style2-image-box\">\n\t\t\t\t\t\t\t\t\t\t\t\t\t\t<div class=\"shape1 float-bob-y\">\n\t\t\t\t\t\t\t\t<img decoding=\"async\" src=\"https:\/\/meat.injazco.net\/wp-content\/uploads\/2021\/02\/shape-5.png\" alt=\"\">\n\t\t\t\t\t\t\t\t\t\t\t\t\t\t\t<\/div>\n\t\t\t\t\t\t\t\t\t\t\t\t\t\t<div class=\"shape2\">\n\t\t\t\t\t\t\t\t<img decoding=\"async\" src=\"https:\/\/meat.injazco.net\/wp-content\/uploads\/2021\/02\/shape-12.png\" alt=\"\">\n\t\t\t\t\t\t\t\t\t\t\t\t\t\t\t<\/div>\n\t\t\t\t\t\t\t\t\t\t\t\t\t\t<div class=\"inner\">\n\t\t\t\t\t\t\t\t<img decoding=\"async\" src=\"https:\/\/meat.injazco.net\/wp-content\/uploads\/2021\/02\/testimonial-big-image-3.png\" alt=\"\">\n\t\t\t\t\t\t\t\t\t\t\t\t\t\t\t<\/div>\n\t\t\t\t\t\t\t<div class=\"quote-icon thm_bgclr1\">\n\t\t\t\t\t\t\t\t<span class=\"icon-right-quotes-symbol\"><\/span>    \n\t\t\t\t\t\t\t<\/div>\n\t\t\t\t\t\t<\/div>    \n\t\t\t\t\t<\/div>\n\t\t\t\t<\/div>   \n\t\t\t<\/div>\n\t\t<\/section>\n\t\t<!--End Testimonial Style2 Area-->\n             \n\t\t\t\t<\/div>\n\t\t\t\t<\/div>\n\t\t\t\t\t<\/div>\n\t\t<\/div>\n\t\t\t\t<div class=\"elementor-column elementor-col-50 elementor-top-column elementor-element elementor-element-427631b4\" data-id=\"427631b4\" data-element_type=\"column\">\n\t\t\t<div class=\"elementor-widget-wrap elementor-element-populated\">\n\t\t\t\t\t\t\t\t<div class=\"elementor-element elementor-element-10ce4ea9 elementor-widget elementor-widget-corvex_h3_testimonial_right\" data-id=\"10ce4ea9\" data-element_type=\"widget\" data-widget_type=\"corvex_h3_testimonial_right.default\">\n\t\t\t\t<div class=\"elementor-widget-container\">\n\t\t\t        \n\t\t<!--Start Testimonial style2 Area-->\n\t\t<section class=\" testimonial-style2-area\">\n\t\t\t<div class=\"container\">\n\t\t\t\t<div class=\"row\">\n\t\t\t\t\t<div class=\"col-xl-12 text-right-rtl\">\n\t\t\t\t\t\t<div class=\"testimonial-style1-content\">\n\t\t\t\t\t\t\t<div class=\"inner-content\">\n\t\t\t\t\t\t\t\t<div class=\"sec-title\">\n\t\t\t\t\t\t\t\t\t<div class=\"sub-title\">\n\t\t\t\t\t\t\t\t\t\t<h4 class=\"thm_clr1\">Testimonials<\/h4><span class=\"right\"><\/span>\n\t\t\t\t\t\t\t\t\t<\/div>\n\t\t\t\t\t\t\t\t\t<h2>What Our Clients Say<br>About Corvex?<\/h2>\n\t\t\t\t\t\t\t\t<\/div>\n\t\t\t\t\t\t\t\t<div class=\"testimonial-carousel owl-carousel owl-theme owl-nav-style-one\">\n\t\t\t\t\t\t\t\t\n\t\t\t\t\t\t\t\t\t\t\t\t\t\t\t\t\t\n\t\t\t\t\t\t\t\t\t<!--Start Single Testimonial Style1-->\n\t\t\t\t\t\t\t\t\t<div class=\"single-testimonial-style1\">\n\t\t\t\t\t\t\t\t\t\t<div class=\"quote-icon-box\"><span class=\"icon-right-quotes-symbol\"><\/span><\/div>\n\t\t\t\t\t\t\t\t\t\t<div class=\"text-box\">\n\t\t\t\t\t\t\t\t\t\t\t<p>Our goal each day is to ensure that our residents needs are not only met but exceeded. To make that happen we are committed to providingesidentsof amenities that allow them to feel independent.<\/p>\n\t\t\t\t\t\t\t\t\t\t<\/div>\n\t\t\t\t\t\t\t\t\t\t<div class=\"client-info\">\n\t\t\t\t\t\t\t\t\t\t\t<div class=\"image-box\">\n\t\t\t\t\t\t\t\t\t\t\t\t<img decoding=\"async\" src=\"https:\/\/meat.injazco.net\/wp-content\/uploads\/2021\/02\/tes-v1-1.png\" alt=\"\">    \n\t\t\t\t\t\t\t\t\t\t\t<\/div>\n\t\t\t\t\t\t\t\t\t\t\t<div class=\"title-box\">\n\t\t\t\t\t\t\t\t\t\t\t\t<h3>Rebeka Dawson<\/h3>\n\t\t\t\t\t\t\t\t\t\t\t\t<span>Instructor<\/span>\n\t\t\t\t\t\t\t\t\t\t\t<\/div>\n\t\t\t\t\t\t\t\t\t\t<\/div>  \n\t\t\t\t\t\t\t\t\t<\/div>\n\t\t\t\t\t\t\t\t\t<!--End Single Testimonial Style1-->\n\t\t\t\t\t\t\t\t\t\n\t\t\t\t\t\t\t\t\t\t\t\t\t\t\t\t\t\n\t\t\t\t\t\t\t\t\t<!--Start Single Testimonial Style1-->\n\t\t\t\t\t\t\t\t\t<div class=\"single-testimonial-style1\">\n\t\t\t\t\t\t\t\t\t\t<div class=\"quote-icon-box\"><span class=\"icon-right-quotes-symbol\"><\/span><\/div>\n\t\t\t\t\t\t\t\t\t\t<div class=\"text-box\">\n\t\t\t\t\t\t\t\t\t\t\t<p>Our goal each day is to ensure that our residents needs are not only met but exceeded. To make that happen we are committed to providingesidentsof amenities that allow them to feel independent.<\/p>\n\t\t\t\t\t\t\t\t\t\t<\/div>\n\t\t\t\t\t\t\t\t\t\t<div class=\"client-info\">\n\t\t\t\t\t\t\t\t\t\t\t<div class=\"image-box\">\n\t\t\t\t\t\t\t\t\t\t\t\t<img decoding=\"async\" src=\"https:\/\/meat.injazco.net\/wp-content\/uploads\/2021\/02\/tes-v1-1.png\" alt=\"\">    \n\t\t\t\t\t\t\t\t\t\t\t<\/div>\n\t\t\t\t\t\t\t\t\t\t\t<div class=\"title-box\">\n\t\t\t\t\t\t\t\t\t\t\t\t<h3>Rebeka Dawson<\/h3>\n\t\t\t\t\t\t\t\t\t\t\t\t<span>Instructor<\/span>\n\t\t\t\t\t\t\t\t\t\t\t<\/div>\n\t\t\t\t\t\t\t\t\t\t<\/div>  \n\t\t\t\t\t\t\t\t\t<\/div>\n\t\t\t\t\t\t\t\t\t<!--End Single Testimonial Style1-->\n\t\t\t\t\t\t\t\t\t\n\t\t\t\t\t\t\t\t\t\t\t\t\t\t\t\t\t\t\n\t\t\t\t\t\t\t\t<\/div>\n\t\t\t\t\t\t\t<\/div>\n\t\t\t\t\t\t<\/div>\n\t\t\t\t\t<\/div>\n\t\t\t\t\t\n\t\t\t\t<\/div>   \n\t\t\t<\/div>\n\t\t<\/section>\n\t\t<!--End Testimonial Style2 Area-->\n             \n\t\t\t\t<\/div>\n\t\t\t\t<\/div>\n\t\t\t\t\t<\/div>\n\t\t<\/div>\n\t\t\t\t\t\t\t<\/div>\n\t\t<\/section>\n\t\t\t\t<section class=\"elementor-section elementor-top-section elementor-element elementor-element-0ce6627 elementor-section-stretched elementor-section-full_width elementor-section-height-default elementor-section-height-default\" data-id=\"0ce6627\" data-element_type=\"section\" data-settings=\"{&quot;stretch_section&quot;:&quot;section-stretched&quot;}\">\n\t\t\t\t\t\t<div class=\"elementor-container elementor-column-gap-no\">\n\t\t\t\t\t<div class=\"elementor-column elementor-col-100 elementor-top-column elementor-element elementor-element-c559928\" data-id=\"c559928\" data-element_type=\"column\">\n\t\t\t<div class=\"elementor-widget-wrap elementor-element-populated\">\n\t\t\t\t\t\t\t\t<div class=\"elementor-element elementor-element-ca32e60 elementor-widget elementor-widget-corvex_h1_testimonial\" data-id=\"ca32e60\" data-element_type=\"widget\" data-widget_type=\"corvex_h1_testimonial.default\">\n\t\t\t\t<div class=\"elementor-widget-container\">\n\t\t\t        \n\t\t<!--Start Testimonial style1 Area-->\n\t\t<section class=\" testimonial-style1-area\">\n\t\t\t<div class=\"container-fullwidth\">\n\t\t\t\t<div class=\"testimonial-style1-image-box\">\n\t\t\t\t\t<ul>\n\t\t\t\t\t\t<li>\n\t\t\t\t\t\t\t\t\t\t\t\t\t\t<div class=\"single-image\">\n\t\t\t\t\t\t\t\t<img decoding=\"async\" src=\"https:\/\/meat.injazco.net\/wp-content\/uploads\/2021\/02\/testimonial-big-image-1.jpg\" alt=\"\">\n\t\t\t\t\t\t\t\t\t\t\t\t\t\t\t<\/div>\n\t\t\t\t\t\t<\/li>\n\t\t\t\t\t\t<li>\n\t\t\t\t\t\t\t\t\t\t\t\t\t\t<div class=\"single-image\">\n\t\t\t\t\t\t\t\t<img decoding=\"async\" src=\"https:\/\/meat.injazco.net\/wp-content\/uploads\/2021\/02\/testimonial-big-image-2.jpg\" alt=\"\">\n\t\t\t\t\t\t\t\t\t\t\t\t\t\t\t<\/div>\n\t\t\t\t\t\t<\/li>\n\t\t\t\t\t<\/ul>    \n\t\t\t\t<\/div>\n\t\t\t\t<div class=\"testimonial-style1-content text-right-rtl\">\n\t\t\t\t\t<div class=\"inner-content\">\n\t\t\t\t\t\t\t\t\t\t\t\t<div class=\"shape1 float-bob-y\">\n\t\t\t\t\t\t\t<img decoding=\"async\" src=\"https:\/\/meat.injazco.net\/wp-content\/uploads\/2021\/02\/shape-6.png\" alt=\"\">\n\t\t\t\t\t\t\t\t\t\t\t\t\t<\/div>\n\t\t\t\t\t\t\t\t\t\t\t\t<div class=\"sec-title\">\n\t\t\t\t\t\t\t<div class=\"sub-title\">\n\t\t\t\t\t\t\t\t<h4 class=\"thm_clr1\">Testimonials<\/h4><span class=\"right\"><\/span>\n\t\t\t\t\t\t\t<\/div>\n\t\t\t\t\t\t<h2>What Our Clients Say<br>About Corvex?<\/h2>\n\t\t\t\t\t\t<\/div>\n\t\t\t\t\t\t\t\t\t\t\t\t<div class=\"testimonial-carousel owl-carousel owl-theme owl-nav-style-one\">\n\t\t\t\t\t\t\t\t\t\t\t\t\t\t<!--Start Single Testimonial Style1-->\n\t\t\t\t\t\t\t<div class=\"single-testimonial-style1\">\n\t\t\t\t\t\t\t\t<div class=\"quote-icon-box\"><span class=\"icon-right-quotes-symbol\"><\/span><\/div>\n\t\t\t\t\t\t\t\t<div class=\"text-box\">\n\t\t\t\t\t\t\t\t\t<p>Our goal each day is to ensure that our residents needs are not only met but exceeded. To make that happen we are committed to providingesidentsof amenities that allow them to feel independent.<\/p>\n\t\t\t\t\t\t\t\t<\/div>\n\t\t\t\t\t\t\t\t<div class=\"client-info\">\n\t\t\t\t\t\t\t\t\t<div class=\"image-box\">\n\t\t\t\t\t\t\t\t\t\t<img decoding=\"async\" src=\"https:\/\/meat.injazco.net\/wp-content\/uploads\/2021\/02\/tes-v1-1.png\" alt=\"\">    \n\t\t\t\t\t\t\t\t\t<\/div>\n\t\t\t\t\t\t\t\t\t<div class=\"title-box\">\n\t\t\t\t\t\t\t\t\t\t<h3>Rebeka Dawson<\/h3>\n\t\t\t\t\t\t\t\t\t\t<span>Instructor<\/span>\n\t\t\t\t\t\t\t\t\t<\/div>\n\t\t\t\t\t\t\t\t<\/div>  \n\t\t\t\t\t\t\t<\/div>\n\t\t\t\t\t\t\t<!--End Single Testimonial Style1-->\n\t\t\t\t\t\t\t\t\t\t\t\t\t\t<!--Start Single Testimonial Style1-->\n\t\t\t\t\t\t\t<div class=\"single-testimonial-style1\">\n\t\t\t\t\t\t\t\t<div class=\"quote-icon-box\"><span class=\"icon-right-quotes-symbol\"><\/span><\/div>\n\t\t\t\t\t\t\t\t<div class=\"text-box\">\n\t\t\t\t\t\t\t\t\t<p>Our goal each day is to ensure that our residents needs are not only met but exceeded. To make that happen we are committed to providingesidentsof amenities that allow them to feel independent.<\/p>\n\t\t\t\t\t\t\t\t<\/div>\n\t\t\t\t\t\t\t\t<div class=\"client-info\">\n\t\t\t\t\t\t\t\t\t<div class=\"image-box\">\n\t\t\t\t\t\t\t\t\t\t<img decoding=\"async\" src=\"https:\/\/meat.injazco.net\/wp-content\/uploads\/2021\/02\/tes-v1-1.png\" alt=\"\">    \n\t\t\t\t\t\t\t\t\t<\/div>\n\t\t\t\t\t\t\t\t\t<div class=\"title-box\">\n\t\t\t\t\t\t\t\t\t\t<h3>Rebeka Dawson<\/h3>\n\t\t\t\t\t\t\t\t\t\t<span>Instructor<\/span>\n\t\t\t\t\t\t\t\t\t<\/div>\n\t\t\t\t\t\t\t\t<\/div>  \n\t\t\t\t\t\t\t<\/div>\n\t\t\t\t\t\t\t<!--End Single Testimonial Style1-->\n\t\t\t\t\t\t\t\t\t\t\t\t\t<\/div>\n\t\t\t\t\t<\/div>\n\t\t\t\t<\/div>\n\t\t\t\t\n\t\t\t<\/div>\n\t\t<\/section>\n\t\t<!--End Testimonial Style1 Area-->\n             \n\t\t\t\t<\/div>\n\t\t\t\t<\/div>\n\t\t\t\t\t<\/div>\n\t\t<\/div>\n\t\t\t\t\t\t\t<\/div>\n\t\t<\/section>\n\t\t\t\t<section class=\"elementor-section elementor-top-section elementor-element elementor-element-66784519 elementor-section-stretched elementor-section-full_width elementor-section-height-default elementor-section-height-default\" data-id=\"66784519\" data-element_type=\"section\" data-settings=\"{&quot;stretch_section&quot;:&quot;section-stretched&quot;}\">\n\t\t\t\t\t\t<div class=\"elementor-container elementor-column-gap-no\">\n\t\t\t\t\t<div class=\"elementor-column elementor-col-100 elementor-top-column elementor-element elementor-element-5a4a333a\" data-id=\"5a4a333a\" data-element_type=\"column\">\n\t\t\t<div class=\"elementor-widget-wrap elementor-element-populated\">\n\t\t\t\t\t\t\t\t<div class=\"elementor-element elementor-element-66ed9619 elementor-widget elementor-widget-corvex_testimonial3\" data-id=\"66ed9619\" data-element_type=\"widget\" data-widget_type=\"corvex_testimonial3.default\">\n\t\t\t\t<div class=\"elementor-widget-container\">\n\t\t\t        \n\t\t<!--Start Testimonial Style3 Area-->\n\t\t<section class=\" testimonial-style3-area\">\n\t\t\t<div class=\"auto-container\">\n\t\t\t\t\t\t\t\t<div class=\"sec-title text-center\">\n\t\t\t\t\t<div class=\"sub-title\">\n\t\t\t\t\t\t<span class=\"left\"><\/span><h4 class=\"thm_clr1\">Testimonials<\/h4><span class=\"right\"><\/span>\n\t\t\t\t\t<\/div>\n\t\t\t\t\t<h2>What Our Clients Say<br> About Corvex?<\/h2>\n\t\t\t\t<\/div>\n\t\t\t\t\t\t\t\t<div class=\"row\">\n\t\t\t\t\t<div class=\"col-xl-12\">\n\t\t\t\t\t\t<div class=\"testimonial-style3-content\">\n\t\t\t\t\t\t\t<div class=\"three-item-carousel owl-carousel owl-theme owl-dot-style1\">\n\t\t\t\t\t\t\t\t\t\t\t\t\t\t\t\t<!--Start Single Testimonial Style2-->\n\t\t\t\t\t\t\t\t<div class=\"single-testimonial-style2\">\n\t\t\t\t\t\t\t\t\t<div class=\"img-holder\">\n\t\t\t\t\t\t\t\t\t\t<div class=\"inner\">\n\t\t\t\t\t\t\t\t\t\t\t<img decoding=\"async\" src=\"https:\/\/meat.injazco.net\/wp-content\/uploads\/2021\/02\/tes-v2-1.png\" alt=\"\">\n\t\t\t\t\t\t\t\t\t\t<\/div>\n\t\t\t\t\t\t\t\t\t\t<div class=\"quote-icon\">\n\t\t\t\t\t\t\t\t\t\t\t<span class=\"icon-right-quotes-symbol\"><\/span>\n\t\t\t\t\t\t\t\t\t\t<\/div>\n\t\t\t\t\t\t\t\t\t<\/div>\n\t\t\t\t\t\t\t\t\t<div class=\"text\">\n\t\t\t\t\t\t\t\t\t\t<p>Aspernatur odit aut fugit.sed quia consequuntur magni dolores eos qui ratione voluptatem.<\/p>\n\t\t\t\t\t\t\t\t\t<\/div>\n\t\t\t\t\t\t\t\t\t<div class=\"client-info\">\n\t\t\t\t\t\t\t\t\t\t<h3>Elsie-Rose Kane<\/h3>\n\t\t\t\t\t\t\t\t\t\t<span>New York<\/span>\n\t\t\t\t\t\t\t\t\t<\/div>\n\t\t\t\t\t\t\t\t<\/div>\n\t\t\t\t\t\t\t\t<!--End Single Testimonial Style2-->\n\t\t\t\t\t\t\t\t\t\t\t\t\t\t\t\t<!--Start Single Testimonial Style2-->\n\t\t\t\t\t\t\t\t<div class=\"single-testimonial-style2\">\n\t\t\t\t\t\t\t\t\t<div class=\"img-holder\">\n\t\t\t\t\t\t\t\t\t\t<div class=\"inner\">\n\t\t\t\t\t\t\t\t\t\t\t<img decoding=\"async\" src=\"https:\/\/meat.injazco.net\/wp-content\/uploads\/2021\/02\/tes-v2-2.png\" alt=\"\">\n\t\t\t\t\t\t\t\t\t\t<\/div>\n\t\t\t\t\t\t\t\t\t\t<div class=\"quote-icon\">\n\t\t\t\t\t\t\t\t\t\t\t<span class=\"icon-right-quotes-symbol\"><\/span>\n\t\t\t\t\t\t\t\t\t\t<\/div>\n\t\t\t\t\t\t\t\t\t<\/div>\n\t\t\t\t\t\t\t\t\t<div class=\"text\">\n\t\t\t\t\t\t\t\t\t\t<p>Aspernatur odit aut fugit.sed quia consequuntur magni dolores eos qui ratione voluptatem.<\/p>\n\t\t\t\t\t\t\t\t\t<\/div>\n\t\t\t\t\t\t\t\t\t<div class=\"client-info\">\n\t\t\t\t\t\t\t\t\t\t<h3>Elsie-Rose Kane<\/h3>\n\t\t\t\t\t\t\t\t\t\t<span>New York<\/span>\n\t\t\t\t\t\t\t\t\t<\/div>\n\t\t\t\t\t\t\t\t<\/div>\n\t\t\t\t\t\t\t\t<!--End Single Testimonial Style2-->\n\t\t\t\t\t\t\t\t\t\t\t\t\t\t\t\t<!--Start Single Testimonial Style2-->\n\t\t\t\t\t\t\t\t<div class=\"single-testimonial-style2\">\n\t\t\t\t\t\t\t\t\t<div class=\"img-holder\">\n\t\t\t\t\t\t\t\t\t\t<div class=\"inner\">\n\t\t\t\t\t\t\t\t\t\t\t<img decoding=\"async\" src=\"https:\/\/meat.injazco.net\/wp-content\/uploads\/2021\/02\/tes-v2-3.png\" alt=\"\">\n\t\t\t\t\t\t\t\t\t\t<\/div>\n\t\t\t\t\t\t\t\t\t\t<div class=\"quote-icon\">\n\t\t\t\t\t\t\t\t\t\t\t<span class=\"icon-right-quotes-symbol\"><\/span>\n\t\t\t\t\t\t\t\t\t\t<\/div>\n\t\t\t\t\t\t\t\t\t<\/div>\n\t\t\t\t\t\t\t\t\t<div class=\"text\">\n\t\t\t\t\t\t\t\t\t\t<p>Aspernatur odit aut fugit.sed quia consequuntur magni dolores eos qui ratione voluptatem.<\/p>\n\t\t\t\t\t\t\t\t\t<\/div>\n\t\t\t\t\t\t\t\t\t<div class=\"client-info\">\n\t\t\t\t\t\t\t\t\t\t<h3>Elsie-Rose Kane<\/h3>\n\t\t\t\t\t\t\t\t\t\t<span>New York<\/span>\n\t\t\t\t\t\t\t\t\t<\/div>\n\t\t\t\t\t\t\t\t<\/div>\n\t\t\t\t\t\t\t\t<!--End Single Testimonial Style2-->\n\t\t\t\t\t\t\t\t\t\t\t\t\t\t\t\t<!--Start Single Testimonial Style2-->\n\t\t\t\t\t\t\t\t<div class=\"single-testimonial-style2\">\n\t\t\t\t\t\t\t\t\t<div class=\"img-holder\">\n\t\t\t\t\t\t\t\t\t\t<div class=\"inner\">\n\t\t\t\t\t\t\t\t\t\t\t<img decoding=\"async\" src=\"https:\/\/meat.injazco.net\/wp-content\/uploads\/2021\/02\/tes-v2-1.png\" alt=\"\">\n\t\t\t\t\t\t\t\t\t\t<\/div>\n\t\t\t\t\t\t\t\t\t\t<div class=\"quote-icon\">\n\t\t\t\t\t\t\t\t\t\t\t<span class=\"icon-right-quotes-symbol\"><\/span>\n\t\t\t\t\t\t\t\t\t\t<\/div>\n\t\t\t\t\t\t\t\t\t<\/div>\n\t\t\t\t\t\t\t\t\t<div class=\"text\">\n\t\t\t\t\t\t\t\t\t\t<p>Aspernatur odit aut fugit.sed quia consequuntur magni dolores eos qui ratione voluptatem.<\/p>\n\t\t\t\t\t\t\t\t\t<\/div>\n\t\t\t\t\t\t\t\t\t<div class=\"client-info\">\n\t\t\t\t\t\t\t\t\t\t<h3>Elsie-Rose Kane<\/h3>\n\t\t\t\t\t\t\t\t\t\t<span>New York<\/span>\n\t\t\t\t\t\t\t\t\t<\/div>\n\t\t\t\t\t\t\t\t<\/div>\n\t\t\t\t\t\t\t\t<!--End Single Testimonial Style2-->\n\t\t\t\t\t\t\t\t\t\t\t\t\t\t\t\t<!--Start Single Testimonial Style2-->\n\t\t\t\t\t\t\t\t<div class=\"single-testimonial-style2\">\n\t\t\t\t\t\t\t\t\t<div class=\"img-holder\">\n\t\t\t\t\t\t\t\t\t\t<div class=\"inner\">\n\t\t\t\t\t\t\t\t\t\t\t<img decoding=\"async\" src=\"https:\/\/meat.injazco.net\/wp-content\/uploads\/2021\/02\/tes-v2-2.png\" alt=\"\">\n\t\t\t\t\t\t\t\t\t\t<\/div>\n\t\t\t\t\t\t\t\t\t\t<div class=\"quote-icon\">\n\t\t\t\t\t\t\t\t\t\t\t<span class=\"icon-right-quotes-symbol\"><\/span>\n\t\t\t\t\t\t\t\t\t\t<\/div>\n\t\t\t\t\t\t\t\t\t<\/div>\n\t\t\t\t\t\t\t\t\t<div class=\"text\">\n\t\t\t\t\t\t\t\t\t\t<p>Aspernatur odit aut fugit.sed quia consequuntur magni dolores eos qui ratione voluptatem.<\/p>\n\t\t\t\t\t\t\t\t\t<\/div>\n\t\t\t\t\t\t\t\t\t<div class=\"client-info\">\n\t\t\t\t\t\t\t\t\t\t<h3>Elsie-Rose Kane<\/h3>\n\t\t\t\t\t\t\t\t\t\t<span>New York<\/span>\n\t\t\t\t\t\t\t\t\t<\/div>\n\t\t\t\t\t\t\t\t<\/div>\n\t\t\t\t\t\t\t\t<!--End Single Testimonial Style2-->\n\t\t\t\t\t\t\t\t\t\t\t\t\t\t\t\t<!--Start Single Testimonial Style2-->\n\t\t\t\t\t\t\t\t<div class=\"single-testimonial-style2\">\n\t\t\t\t\t\t\t\t\t<div class=\"img-holder\">\n\t\t\t\t\t\t\t\t\t\t<div class=\"inner\">\n\t\t\t\t\t\t\t\t\t\t\t<img decoding=\"async\" src=\"https:\/\/meat.injazco.net\/wp-content\/uploads\/2021\/02\/tes-v2-3.png\" alt=\"\">\n\t\t\t\t\t\t\t\t\t\t<\/div>\n\t\t\t\t\t\t\t\t\t\t<div class=\"quote-icon\">\n\t\t\t\t\t\t\t\t\t\t\t<span class=\"icon-right-quotes-symbol\"><\/span>\n\t\t\t\t\t\t\t\t\t\t<\/div>\n\t\t\t\t\t\t\t\t\t<\/div>\n\t\t\t\t\t\t\t\t\t<div class=\"text\">\n\t\t\t\t\t\t\t\t\t\t<p>Aspernatur odit aut fugit.sed quia consequuntur magni dolores eos qui ratione voluptatem.<\/p>\n\t\t\t\t\t\t\t\t\t<\/div>\n\t\t\t\t\t\t\t\t\t<div class=\"client-info\">\n\t\t\t\t\t\t\t\t\t\t<h3>Elsie-Rose Kane<\/h3>\n\t\t\t\t\t\t\t\t\t\t<span>New York<\/span>\n\t\t\t\t\t\t\t\t\t<\/div>\n\t\t\t\t\t\t\t\t<\/div>\n\t\t\t\t\t\t\t\t<!--End Single Testimonial Style2-->\n\t\t\t\t\t\t\t\t\t\t\t\t\t\t\t\t<!--Start Single Testimonial Style2-->\n\t\t\t\t\t\t\t\t<div class=\"single-testimonial-style2\">\n\t\t\t\t\t\t\t\t\t<div class=\"img-holder\">\n\t\t\t\t\t\t\t\t\t\t<div class=\"inner\">\n\t\t\t\t\t\t\t\t\t\t\t<img decoding=\"async\" src=\"https:\/\/meat.injazco.net\/wp-content\/uploads\/2021\/02\/tes-v2-1.png\" alt=\"\">\n\t\t\t\t\t\t\t\t\t\t<\/div>\n\t\t\t\t\t\t\t\t\t\t<div class=\"quote-icon\">\n\t\t\t\t\t\t\t\t\t\t\t<span class=\"icon-right-quotes-symbol\"><\/span>\n\t\t\t\t\t\t\t\t\t\t<\/div>\n\t\t\t\t\t\t\t\t\t<\/div>\n\t\t\t\t\t\t\t\t\t<div class=\"text\">\n\t\t\t\t\t\t\t\t\t\t<p>Aspernatur odit aut fugit.sed quia consequuntur magni dolores eos qui ratione voluptatem.<\/p>\n\t\t\t\t\t\t\t\t\t<\/div>\n\t\t\t\t\t\t\t\t\t<div class=\"client-info\">\n\t\t\t\t\t\t\t\t\t\t<h3>Elsie-Rose Kane<\/h3>\n\t\t\t\t\t\t\t\t\t\t<span>New York<\/span>\n\t\t\t\t\t\t\t\t\t<\/div>\n\t\t\t\t\t\t\t\t<\/div>\n\t\t\t\t\t\t\t\t<!--End Single Testimonial Style2-->\n\t\t\t\t\t\t\t\t\t\t\t\t\t\t\t\t<!--Start Single Testimonial Style2-->\n\t\t\t\t\t\t\t\t<div class=\"single-testimonial-style2\">\n\t\t\t\t\t\t\t\t\t<div class=\"img-holder\">\n\t\t\t\t\t\t\t\t\t\t<div class=\"inner\">\n\t\t\t\t\t\t\t\t\t\t\t<img decoding=\"async\" src=\"https:\/\/meat.injazco.net\/wp-content\/uploads\/2021\/02\/tes-v2-2.png\" alt=\"\">\n\t\t\t\t\t\t\t\t\t\t<\/div>\n\t\t\t\t\t\t\t\t\t\t<div class=\"quote-icon\">\n\t\t\t\t\t\t\t\t\t\t\t<span class=\"icon-right-quotes-symbol\"><\/span>\n\t\t\t\t\t\t\t\t\t\t<\/div>\n\t\t\t\t\t\t\t\t\t<\/div>\n\t\t\t\t\t\t\t\t\t<div class=\"text\">\n\t\t\t\t\t\t\t\t\t\t<p>Aspernatur odit aut fugit.sed quia consequuntur magni dolores eos qui ratione voluptatem.<\/p>\n\t\t\t\t\t\t\t\t\t<\/div>\n\t\t\t\t\t\t\t\t\t<div class=\"client-info\">\n\t\t\t\t\t\t\t\t\t\t<h3>Elsie-Rose Kane<\/h3>\n\t\t\t\t\t\t\t\t\t\t<span>New York<\/span>\n\t\t\t\t\t\t\t\t\t<\/div>\n\t\t\t\t\t\t\t\t<\/div>\n\t\t\t\t\t\t\t\t<!--End Single Testimonial Style2-->\n\t\t\t\t\t\t\t\t\t\t\t\t\t\t\t\t<!--Start Single Testimonial Style2-->\n\t\t\t\t\t\t\t\t<div class=\"single-testimonial-style2\">\n\t\t\t\t\t\t\t\t\t<div class=\"img-holder\">\n\t\t\t\t\t\t\t\t\t\t<div class=\"inner\">\n\t\t\t\t\t\t\t\t\t\t\t<img decoding=\"async\" src=\"https:\/\/meat.injazco.net\/wp-content\/uploads\/2021\/02\/tes-v2-3.png\" alt=\"\">\n\t\t\t\t\t\t\t\t\t\t<\/div>\n\t\t\t\t\t\t\t\t\t\t<div class=\"quote-icon\">\n\t\t\t\t\t\t\t\t\t\t\t<span class=\"icon-right-quotes-symbol\"><\/span>\n\t\t\t\t\t\t\t\t\t\t<\/div>\n\t\t\t\t\t\t\t\t\t<\/div>\n\t\t\t\t\t\t\t\t\t<div class=\"text\">\n\t\t\t\t\t\t\t\t\t\t<p>Aspernatur odit aut fugit.sed quia consequuntur magni dolores eos qui ratione voluptatem.<\/p>\n\t\t\t\t\t\t\t\t\t<\/div>\n\t\t\t\t\t\t\t\t\t<div class=\"client-info\">\n\t\t\t\t\t\t\t\t\t\t<h3>Elsie-Rose Kane<\/h3>\n\t\t\t\t\t\t\t\t\t\t<span>New York<\/span>\n\t\t\t\t\t\t\t\t\t<\/div>\n\t\t\t\t\t\t\t\t<\/div>\n\t\t\t\t\t\t\t\t<!--End Single Testimonial Style2-->\n\t\t\t\t\t\t\t\t\t\t\t\t\t\t\t<\/div>\n\t\t\t\t\t\t<\/div>\n\t\t\t\t\t<\/div>\n\t\t\t\t<\/div>\n\t\t\t<\/div>\n\t\t<\/section>\n\t\t<!--End Testimonial Style3 Area-->\n             \n\t\t\t\t<\/div>\n\t\t\t\t<\/div>\n\t\t\t\t\t<\/div>\n\t\t<\/div>\n\t\t\t\t\t\t\t<\/div>\n\t\t<\/section>\n\t\t\t\t\t\t\t<\/div>\n\t\t","protected":false},"excerpt":{"rendered":"<p>Referenzen Was unsere Kunden sagen\u00dcber Corvex? Unser t\u00e4gliches Ziel ist es, sicherzustellen, dass die Bed\u00fcrfnisse unserer Bewohner nicht nur erf\u00fcllt, sondern \u00fcbertroffen werden. Um dies zu erm\u00f6glichen, setzen wir uns daf\u00fcr ein, den Bewohnern Annehmlichkeiten zu bieten, die es ihnen erm\u00f6glichen, sich unabh\u00e4ngig zu f\u00fchlen. Rebeka Dawson Lehrer Unser t\u00e4gliches Ziel ist es, sicherzustellen, dass [&hellip;]<\/p>\n","protected":false},"author":1,"featured_media":0,"parent":0,"menu_order":0,"comment_status":"closed","ping_status":"closed","template":"tpl-default-elementor.php","meta":{"footnotes":""},"class_list":["post-1441","page","type-page","status-publish","hentry"],"_links":{"self":[{"href":"https:\/\/meat.injazco.net\/de\/wp-json\/wp\/v2\/pages\/1441","targetHints":{"allow":["GET"]}}],"collection":[{"href":"https:\/\/meat.injazco.net\/de\/wp-json\/wp\/v2\/pages"}],"about":[{"href":"https:\/\/meat.injazco.net\/de\/wp-json\/wp\/v2\/types\/page"}],"author":[{"embeddable":true,"href":"https:\/\/meat.injazco.net\/de\/wp-json\/wp\/v2\/users\/1"}],"replies":[{"embeddable":true,"href":"https:\/\/meat.injazco.net\/de\/wp-json\/wp\/v2\/comments?post=1441"}],"version-history":[{"count":1,"href":"https:\/\/meat.injazco.net\/de\/wp-json\/wp\/v2\/pages\/1441\/revisions"}],"predecessor-version":[{"id":1442,"href":"https:\/\/meat.injazco.net\/de\/wp-json\/wp\/v2\/pages\/1441\/revisions\/1442"}],"wp:attachment":[{"href":"https:\/\/meat.injazco.net\/de\/wp-json\/wp\/v2\/media?parent=1441"}],"curies":[{"name":"wp","href":"https:\/\/api.w.org\/{rel}","templated":true}]}}