{"id":1445,"date":"2021-08-19T00:53:16","date_gmt":"2021-08-19T00:53:16","guid":{"rendered":"https:\/\/www.injazco.net\/uber-uns\/"},"modified":"2021-09-08T01:28:21","modified_gmt":"2021-09-08T01:28:21","slug":"uber-uns","status":"publish","type":"page","link":"https:\/\/meat.injazco.net\/de\/uber-uns\/","title":{"rendered":"\u00dcber uns"},"content":{"rendered":"\t\t<div data-elementor-type=\"wp-page\" data-elementor-id=\"1445\" class=\"elementor elementor-1445\">\n\t\t\t\t\t\t\t\t\t<section class=\"elementor-section elementor-top-section elementor-element elementor-element-31c09788 elementor-section-stretched elementor-section-boxed elementor-section-height-default elementor-section-height-default\" data-id=\"31c09788\" data-element_type=\"section\" data-settings=\"{&quot;stretch_section&quot;:&quot;section-stretched&quot;,&quot;background_background&quot;:&quot;classic&quot;}\">\n\t\t\t\t\t\t<div class=\"elementor-container elementor-column-gap-no\">\n\t\t\t\t\t<div class=\"elementor-column elementor-col-50 elementor-top-column elementor-element elementor-element-7090f0a4\" data-id=\"7090f0a4\" data-element_type=\"column\">\n\t\t\t<div class=\"elementor-widget-wrap elementor-element-populated\">\n\t\t\t\t\t\t\t\t<div class=\"elementor-element elementor-element-c1ad73c elementor-widget elementor-widget-corvex_h2_about_left\" data-id=\"c1ad73c\" data-element_type=\"widget\" data-widget_type=\"corvex_h2_about_left.default\">\n\t\t\t\t<div class=\"elementor-widget-container\">\n\t\t\t\t\t\t\t\n\t\t<!--Start About Style2 Area-->\n\t\t<section class=\" about-style2-area\">\n\t\t\t<div class=\"container\">\n\t\t\t\t<div class=\"row\">\n\t\t\t\t\t<div class=\"col-xl-12 text-right-rtl\">\n\t\t\t\t\t\t<div class=\"about-style2-content-box\">\n\t\t\t\t\t\t\t\t\t\t\t\t\t\t<div class=\"sec-title\">\n\t\t\t\t\t\t\t\t<div class=\"sub-title\">\n\t\t\t\t\t\t\t\t\t<h4>\u00dcber Injaz.co<\/h4><span class=\"right\"><\/span>\n\t\t\t\t\t\t\t\t<\/div>\n\t\t\t\t\t\t\t\t<h2>Professionelles Import-Export-Unternehmen<\/h2>\n\t\t\t\t\t\t\t<\/div>\n\t\t\t\t\t\t\t\t\t\t\t\t\t\t<div class=\"inner-content\">\n\t\t\t\t\t\t\t\t<div class=\"text\">\n\t\t\t\t\t\t\t\t\t<p>Wir sind \u201eINJAZ.CO\u201c ein Import-Export-Unternehmen, das frisches Rinderfleisch und Leber aus Polen und Deutschland nach \u00c4gypten exportiert und importiert. Unsere Marke ist fest davon \u00fcberzeugt, ihren Verbrauchern frisches und gesundes Fleisch anstelle von Tiefk\u00fchlprodukten anzubieten. Wir k\u00fcmmern uns nur um das Frischfleisch und liefern die frischen Produkte ohne chemische Gefrierbehandlungen an unsere wertvollen Kunden.\nWir sind einer der gr\u00f6\u00dften Exporteure und Importeure von Rinderfleisch und -leber in \u00c4gypten. Um Ihrer Hygiene durch die Bereitstellung von feinstem Fleisch zus\u00e4tzliche Sorgfalt und Aufmerksamkeit zu verleihen, werden die Tiere von unseren professionellen Metzgern in einer hygienischen Umgebung geschlachtet.\nUm den Bed\u00fcrfnissen jedes Kunden gerecht zu werden, bieten wir \u201eINJAZ.CO\u201c spezielle Zuschnitte auf besondere Anforderungen\/Bed\u00fcrfnisse. Dar\u00fcber hinaus stellen wir sicher, dass Sie das von Ihnen bestellte Produkt in bester Qualit\u00e4t erhalten. Keines der gefrorenen Fleischsorten kann mit dem Geschmack unseres Frischfleischs mithalten.\nWir f\u00fchren k\u00f6stliche Bio-Fleischproduktion ein, die von den Verbrauchern zubereitet werden kann. Frischer Geschmack, Beaf Ribs, Zartheit usw. sind die Fleischqualit\u00e4ten, die aus hygienischen Gr\u00fcnden auf dem internationalen Markt gesch\u00e4tzt werden. Daher hat \u201eINJAZ.CO\u201c einen Grund, warum wir anderen Fleischh\u00e4ndlern und Import- und Exportunternehmen vorgezogen werden m\u00fcssen.\n<\/p>\n\t\t\t\t\t\t\t\t\t<p><\/p>\n\t\t\t\t\t\t\t\t<\/div>\n\t\t\t\t\t\t\t\t\t\t\t\t\t\t\t\t<div class=\"button-box\">\n\t\t\t\t\t\t\t\t\t<a class=\"btn-one\" href=\"https:\/\/www.injazco.net\/de\/kontakt\/\"><span class=\"txt\">Kontaktiere uns<\/span><\/a>\n\t\t\t\t\t\t\t\t<\/div>\n\t\t\t\t\t\t\t\t\t\t\t\t\t\t\t<\/div>   \n\t\t\t\t\t\t<\/div>\n\t\t\t\t\t<\/div>\n\t\t\t\t<\/div>\n\t\t\t<\/div> \n\t\t<\/section>\n\t\t<!--End About Style2 Area-->\n             \n\t\t\t\t<\/div>\n\t\t\t\t<\/div>\n\t\t\t\t\t<\/div>\n\t\t<\/div>\n\t\t\t\t<div class=\"elementor-column elementor-col-50 elementor-top-column elementor-element elementor-element-26b9a2c\" data-id=\"26b9a2c\" data-element_type=\"column\">\n\t\t\t<div class=\"elementor-widget-wrap elementor-element-populated\">\n\t\t\t\t\t\t\t\t<div class=\"elementor-element elementor-element-13f8fa6a elementor-widget elementor-widget-corvex_h2_about_right\" data-id=\"13f8fa6a\" data-element_type=\"widget\" data-widget_type=\"corvex_h2_about_right.default\">\n\t\t\t\t<div class=\"elementor-widget-container\">\n\t\t\t\t\t\t\t\n\t\t<!--Start About Style2 Area-->\n\t\t<section class=\" about-style2-area\">\n\t\t\t<div class=\"container\">\n\t\t\t\t<div class=\"row\">\n\t\t\t\t\t<div class=\"col-xl-12\">\n\t\t\t\t\t\t<div class=\"about-style2-image-box clearfix\">\n\t\t\t\t\t\t\t\t\t\t\t\t\t\t<div class=\"shape1\">\n\t\t\t\t\t\t\t\t<img decoding=\"async\" src=\"https:\/\/meat.injazco.net\/wp-content\/uploads\/2021\/02\/shape-5.png\" alt=\"\">\n\t\t\t\t\t\t\t\t\t\t\t\t\t\t\t<\/div>\n\t\t\t\t\t\t\t\t\t\t\t\t\t\t<div class=\"shape2\">\n\t\t\t\t\t\t\t\t<img decoding=\"async\" src=\"https:\/\/meat.injazco.net\/wp-content\/uploads\/2021\/02\/shape-12.png\" alt=\"\">\n\t\t\t\t\t\t\t\t\t\t\t\t\t\t\t<\/div>\n\t\t\t\t\t\t\t<div class=\"main-image\">\n\t\t\t\t\t\t\t\t\t\t\t\t\t\t\t\t<div class=\"inner\">\n\t\t\t\t\t\t\t\t\t<img decoding=\"async\" src=\"https:\/\/meat.injazco.net\/wp-content\/uploads\/2021\/02\/about-style2-image.png\" alt=\"\">\n\t\t\t\t\t\t\t\t\t\t\t\t\t\t\t\t\t<\/div>\n\t\t\t\t\t\t\t\t<div class=\"overlay-content-box\">\n\t\t\t\t\t\t\t\t\t<h2>13<\/h2>\n\t\t\t\t\t\t\t\t\t<h6>Years Of Exps<\/h6>\n\t\t\t\t\t\t\t\t<\/div>\n\t\t\t\t\t\t\t<\/div>\n\t\t\t\t\t\t<\/div>\n\t\t\t\t\t<\/div>\n\t\t\t\t<\/div>\n\t\t\t<\/div> \n\t\t<\/section>\n\t\t<!--End About Style2 Area-->\n             \n\t\t\t\t<\/div>\n\t\t\t\t<\/div>\n\t\t\t\t\t<\/div>\n\t\t<\/div>\n\t\t\t\t\t\t\t<\/div>\n\t\t<\/section>\n\t\t\t\t<section class=\"elementor-section elementor-top-section elementor-element elementor-element-1955f1f elementor-section-stretched elementor-section-full_width elementor-section-height-default elementor-section-height-default\" data-id=\"1955f1f\" data-element_type=\"section\" data-settings=\"{&quot;stretch_section&quot;:&quot;section-stretched&quot;}\">\n\t\t\t\t\t\t<div class=\"elementor-container elementor-column-gap-no\">\n\t\t\t\t\t<div class=\"elementor-column elementor-col-100 elementor-top-column elementor-element elementor-element-79d60ad2\" data-id=\"79d60ad2\" data-element_type=\"column\">\n\t\t\t<div class=\"elementor-widget-wrap elementor-element-populated\">\n\t\t\t\t\t\t\t\t<div class=\"elementor-element elementor-element-7c3517f5 elementor-widget elementor-widget-corvex_h1_features\" data-id=\"7c3517f5\" data-element_type=\"widget\" data-widget_type=\"corvex_h1_features.default\">\n\t\t\t\t<div class=\"elementor-widget-container\">\n\t\t\t        \n\t\t<!--Start Features Style1 Area-->\n\t\t<section class=\" features-style1-area\">\n\t\t\t<div class=\"container\">\n\t\t\t\t\t\t\t\t<div class=\"sec-title text-center\">\n\t\t\t\t\t<div class=\"sub-title\">\n\t\t\t\t\t\t<span class=\"left\"><\/span><h4>\u00dcber uns<\/h4><span class=\"right\"><\/span>\n\t\t\t\t\t<\/div>\n\t\t\t\t\t<h2>Wir sind \u201cINJAZ.CO\u201d <\/h2>\n\t\t\t\t\t<p>Unsere Marke ist fest davon \u00fcberzeugt, ihren Verbrauchern frisches und gesundes Fleisch anstelle von Tiefk\u00fchlprodukten anzubieten. Wir k\u00fcmmern uns nur um das Frischfleisch und liefern die frischen Produkte ohne chemische Gefrierbehandlungen an unsere wertvollen Kunden. <\/p>\n\t\t\t\t<\/div>\n\t\t\t\t\t\t\t\t<div class=\"row\">\n\t\t\t\t\t\t\t\t\t\t<!--Start Single Features Style1-->\n\t\t\t\t\t<div class=\"col-xl-4 col-lg-4\">\n\t\t\t\t\t\t<div class=\"single-features-style1\">\n\t\t\t\t\t\t\t<div class=\"icon-holder\">\n\t\t\t\t\t\t\t\t<div class=\"dotted-box\"><\/div>\n\t\t\t\t\t\t\t\t<div class=\"inner\">\n\t\t\t\t\t\t\t\t\t<span class=\"fa fa-star thm_clr1\"><\/span>\n\t\t\t\t\t\t\t\t<\/div>\n\t\t\t\t\t\t\t<\/div>\n\t\t\t\t\t\t\t<div class=\"title-holder\">\n\t\t\t\t\t\t\t\t<h3>Mission<\/h3>\n\t\t\t\t\t\t\t\t<p>Wir sind bestrebt, der Welt frisches, feines, chemiefreies und nahrhaftes Bio-Fleisch anzubieten, w\u00e4hrend wir unseren Kunden zuh\u00f6ren und uns durch ein unerm\u00fcdliches Streben nach echter Fleischproduktion st\u00e4ndig verbessern.<\/p>\n\t\t\t\t\t\t\t<\/div>    \n\t\t\t\t\t\t<\/div>    \n\t\t\t\t\t<\/div>\n\t\t\t\t\t<!--End Single Features Style1-->\n\t\t\t\t\t\t\t\t\t\t<!--Start Single Features Style1-->\n\t\t\t\t\t<div class=\"col-xl-4 col-lg-4\">\n\t\t\t\t\t\t<div class=\"single-features-style1\">\n\t\t\t\t\t\t\t<div class=\"icon-holder\">\n\t\t\t\t\t\t\t\t<div class=\"dotted-box\"><\/div>\n\t\t\t\t\t\t\t\t<div class=\"inner\">\n\t\t\t\t\t\t\t\t\t<span class=\"fa fa-globe thm_clr1\"><\/span>\n\t\t\t\t\t\t\t\t<\/div>\n\t\t\t\t\t\t\t<\/div>\n\t\t\t\t\t\t\t<div class=\"title-holder\">\n\t\t\t\t\t\t\t\t<h3>Vision<\/h3>\n\t\t\t\t\t\t\t\t<p>Wir haben ein Team von erstklassigen professionellen Metzgern, um die Tiere in einer hygienischen Umgebung zu schlachten. Sie kreieren Fleischst\u00fccke in perfekter und feiner Qualit\u00e4t und passen die Frische des Fleisches durch entsprechende Standards Ihren Bed\u00fcrfnissen an.<\/p>\n\t\t\t\t\t\t\t<\/div>    \n\t\t\t\t\t\t<\/div>    \n\t\t\t\t\t<\/div>\n\t\t\t\t\t<!--End Single Features Style1-->\n\t\t\t\t\t\t\t\t\t\t<!--Start Single Features Style1-->\n\t\t\t\t\t<div class=\"col-xl-4 col-lg-4\">\n\t\t\t\t\t\t<div class=\"single-features-style1\">\n\t\t\t\t\t\t\t<div class=\"icon-holder\">\n\t\t\t\t\t\t\t\t<div class=\"dotted-box\"><\/div>\n\t\t\t\t\t\t\t\t<div class=\"inner\">\n\t\t\t\t\t\t\t\t\t<span class=\"fa fa-th-large thm_clr1\"><\/span>\n\t\t\t\t\t\t\t\t<\/div>\n\t\t\t\t\t\t\t<\/div>\n\t\t\t\t\t\t\t<div class=\"title-holder\">\n\t\t\t\t\t\t\t\t<h3>Values<\/h3>\n\t\t\t\t\t\t\t\t<p>Wir sind seit Jahren funktionsf\u00e4hig und haben es geschafft, eine vertrauensvolle Beziehung zu unseren Kunden aufzubauen. Unser Ziel ist es, unser Gesch\u00e4ft immer mehr zum gr\u00f6\u00dften Bio-Fleischh\u00e4ndler auszubauen, der unseren Kunden die besten Qualit\u00e4tsprodukte mit frischem Geschmack bietet und weltweit liefert.<\/p>\n\t\t\t\t\t\t\t<\/div>    \n\t\t\t\t\t\t<\/div>    \n\t\t\t\t\t<\/div>\n\t\t\t\t\t<!--End Single Features Style1-->\n\t\t\t\t\t\t\t\t\t<\/div>\n\t\t\t<\/div>\n\t\t<\/section>\n\t\t<!--End Features Style1 Area-->\n             \n\t\t\t\t<\/div>\n\t\t\t\t<\/div>\n\t\t\t\t\t<\/div>\n\t\t<\/div>\n\t\t\t\t\t\t\t<\/div>\n\t\t<\/section>\n\t\t\t\t<section class=\"elementor-section elementor-top-section elementor-element elementor-element-49aae860 elementor-section-stretched elementor-section-full_width elementor-section-height-default elementor-section-height-default\" data-id=\"49aae860\" data-element_type=\"section\" data-settings=\"{&quot;stretch_section&quot;:&quot;section-stretched&quot;}\">\n\t\t\t\t\t\t<div class=\"elementor-container elementor-column-gap-no\">\n\t\t\t\t\t<div class=\"elementor-column elementor-col-100 elementor-top-column elementor-element elementor-element-3ef06f83\" data-id=\"3ef06f83\" data-element_type=\"column\">\n\t\t\t<div class=\"elementor-widget-wrap elementor-element-populated\">\n\t\t\t\t\t\t\t\t<div class=\"elementor-element elementor-element-4526c6e4 elementor-widget elementor-widget-corvex_h3_choose\" data-id=\"4526c6e4\" data-element_type=\"widget\" data-widget_type=\"corvex_h3_choose.default\">\n\t\t\t\t<div class=\"elementor-widget-container\">\n\t\t\t        \n\t\t<!--Start Choose Area-->\n\t\t<section class=\" choose-area\">\n\t\t\t<div class=\"container-fullwidth\">\n\t\t\t\t<div class=\"choose-image-box\">\n\t\t\t\t\t\t\t\t\t\t<div class=\"inner\">\n\t\t\t\t\t\t<img decoding=\"async\" src=\"https:\/\/meat.injazco.net\/wp-content\/uploads\/2021\/02\/choose-image.jpg\" alt=\"\">\n\t\t\t\t\t\t\t\t\t\t\t<\/div>\n\t\t\t\t<\/div>\n\t\t\t\t<div class=\"choose-content-box\">\n\t\t\t\t\t<div class=\"inner\">\n\t\t\t\t\t\t\t\t\t\t\t\t<div class=\"shape1 rotate-me wow zoomInRight\" data-wow-duration=\"4000ms\">\n\t\t\t\t\t\t\t<img decoding=\"async\" src=\"https:\/\/meat.injazco.net\/wp-content\/uploads\/2021\/02\/foooter-shape-1.png\" alt=\"\">\n\t\t\t\t\t\t\t\t\t\t\t\t\t<\/div>\n\t\t\t\t\t\t\t\t\t\t\t\t<div class=\"sec-title\">\n\t\t\t\t\t\t\t<div class=\"sub-title\">\n\t\t\t\t\t\t\t\t<h4>Warum w\u00e4hlen<\/h4><span class=\"right\"><\/span>\n\t\t\t\t\t\t\t<\/div>\n\t\t\t\t\t\t\t<h2>Wir liefern bestes Fleisch von<br>Unsere polnischen und deutschen Bauernh\u00f6fe<\/h2>\n\t\t\t\t\t\t<\/div>\n\t\t\t\t\t\t\t\t\t\t\t\t<ul>\n\t\t\t\t\t\t\t\t\t\t\t\t\t\t<li>\n\t\t\t\t\t\t\t\t<div class=\"icon-holder thm_bgclr1\">\n\t\t\t\t\t\t\t\t\t<span class=\"icon icon-chop\"><\/span>\n\t\t\t\t\t\t\t\t<\/div>\n\t\t\t\t\t\t\t\t<div class=\"title-holder\">\n\t\t\t\t\t\t\t\t\t<h3>Fleisch<\/h3>\n\t\t\t\t\t\t\t\t\t<p>Wir f\u00fchren k\u00f6stliche Bio-Fleischproduktion ein, die von den Verbrauchern zubereitet werden kann.<\/p>\n\t\t\t\t\t\t\t\t<\/div>\n\t\t\t\t\t\t\t<\/li>\n\t\t\t\t\t\t\t\t\t\t\t\t\t\t<li>\n\t\t\t\t\t\t\t\t<div class=\"icon-holder thm_bgclr1\">\n\t\t\t\t\t\t\t\t\t<span class=\"icon icon-chop-1\"><\/span>\n\t\t\t\t\t\t\t\t<\/div>\n\t\t\t\t\t\t\t\t<div class=\"title-holder\">\n\t\t\t\t\t\t\t\t\t<h3>Leber<\/h3>\n\t\t\t\t\t\t\t\t\t<p>Wir sind einer der gr\u00f6\u00dften Leberimporteure in \u00c4gypten. Um Ihrer Hygiene zus\u00e4tzliche Sorgfalt und Aufmerksamkeit zu verleihen, indem Sie feinstes Fleisch liefern.<\/p>\n\t\t\t\t\t\t\t\t<\/div>\n\t\t\t\t\t\t\t<\/li>\n\t\t\t\t\t\t\t\t\t\t\t\t\t<\/ul>\n\t\t\t\t\t<\/div>\n\t\t\t\t<\/div>\n\t\t\t<\/div>\n\t\t<\/section>\n\t\t<!--End Choose Area-->\n             \n\t\t\t\t<\/div>\n\t\t\t\t<\/div>\n\t\t\t\t\t<\/div>\n\t\t<\/div>\n\t\t\t\t\t\t\t<\/div>\n\t\t<\/section>\n\t\t\t\t<section class=\"elementor-section elementor-top-section elementor-element elementor-element-72156ddd elementor-section-stretched elementor-section-full_width elementor-section-height-default elementor-section-height-default\" data-id=\"72156ddd\" data-element_type=\"section\" data-settings=\"{&quot;stretch_section&quot;:&quot;section-stretched&quot;}\">\n\t\t\t\t\t\t<div class=\"elementor-container elementor-column-gap-no\">\n\t\t\t\t\t<div class=\"elementor-column elementor-col-100 elementor-top-column elementor-element elementor-element-2a1d1631\" data-id=\"2a1d1631\" data-element_type=\"column\">\n\t\t\t<div class=\"elementor-widget-wrap elementor-element-populated\">\n\t\t\t\t\t\t\t\t<div class=\"elementor-element elementor-element-576483b5 elementor-widget elementor-widget-corvex_h3_funfact\" data-id=\"576483b5\" data-element_type=\"widget\" data-widget_type=\"corvex_h3_funfact.default\">\n\t\t\t\t<div class=\"elementor-widget-container\">\n\t\t\t        \n\t\t<!--Start Fact Counter Area-->\n\t\t<section class=\" fact-counter-style3-area\">\n\t\t\t<div class=\"container\">\n\t\t\t\t<div class=\"row\">\n\t\t\t\t\t<div class=\"col-xl-12\">\n\t\t\t\t\t\t<div class=\"fact-counter-style3\">\n\t\t\t\t\t\t\t\t\t\t\t\t\t\t<div class=\"shape1 wow zoomInDown\" data-wow-duration=\"4000ms\">\n\t\t\t\t\t\t\t\t<img decoding=\"async\" src=\"https:\/\/meat.injazco.net\/wp-content\/uploads\/2021\/02\/shape-6.png\" alt=\"\">\n\t\t\t\t\t\t\t\t\t\t\t\t\t\t\t<\/div>\n\t\t\t\t\t\t\t\t\t\t\t\t\t\t<div class=\"shape2 wow zoomInDown\" data-wow-duration=\"4000ms\">\n\t\t\t\t\t\t\t\t<img decoding=\"async\" src=\"https:\/\/meat.injazco.net\/wp-content\/uploads\/2021\/02\/shape-6.png\" alt=\"\">\n\t\t\t\t\t\t\t\t\t\t\t\t\t\t\t<\/div>\n\t\t\t\t\t\t\t<ul class=\"fact-counter-box-style2 clearfix\">\n\t\t\t\t\t\t\t\t\t\t\t\t\t\t\t\t<!--Start Single Fact Counter-->\n\t\t\t\t\t\t\t\t<li class=\"single-fact-counter wow fadeInUp text-center\" data-wow-delay=\"100ms\" data-wow-duration=\"1500ms\">\n\t\t\t\t\t\t\t\t\t<div class=\"count-box\">\n\t\t\t\t\t\t\t\t\t\t<h2>\n\t\t\t\t\t\t\t\t\t\t\n\t\t\t\t\t\t\t\t\t\t\t<span class=\"timer\" data-from=\"1\" data-to=\"20\" data-speed=\"5000\" data-refresh-interval=\"50\">20<\/span>\n\t\t\t\t\t\t\t\t\t\t\t<span class=\"k\"><\/span>\n\t\t\t\t\t\t\t\t\t\t<\/h2>\n\t\t\t\t\t\t\t\t\t\t<div class=\"sub-title\">\n\t\t\t\t\t\t\t\t\t\t\t<h5>Jahr der Erfahrung<\/h5>    \n\t\t\t\t\t\t\t\t\t\t<\/div>\n\t\t\t\t\t\t\t\t\t<\/div>\n\t\t\t\t\t\t\t\t<\/li>\n\t\t\t\t\t\t\t\t<!--End Single Fact Counter-->\n\t\t\t\t\t\t\t\t\t\t\t\t\t\t\t\t<!--Start Single Fact Counter-->\n\t\t\t\t\t\t\t\t<li class=\"single-fact-counter wow fadeInUp text-center\" data-wow-delay=\"100ms\" data-wow-duration=\"1500ms\">\n\t\t\t\t\t\t\t\t\t<div class=\"count-box\">\n\t\t\t\t\t\t\t\t\t\t<h2>\n\t\t\t\t\t\t\t\t\t\t\n\t\t\t\t\t\t\t\t\t\t\t<span class=\"timer\" data-from=\"1\" data-to=\"4\" data-speed=\"5000\" data-refresh-interval=\"50\">4<\/span>\n\t\t\t\t\t\t\t\t\t\t\t<span class=\"k\">k<\/span>\n\t\t\t\t\t\t\t\t\t\t<\/h2>\n\t\t\t\t\t\t\t\t\t\t<div class=\"sub-title\">\n\t\t\t\t\t\t\t\t\t\t\t<h5>Zufriedene Kunden<\/h5>    \n\t\t\t\t\t\t\t\t\t\t<\/div>\n\t\t\t\t\t\t\t\t\t<\/div>\n\t\t\t\t\t\t\t\t<\/li>\n\t\t\t\t\t\t\t\t<!--End Single Fact Counter-->\n\t\t\t\t\t\t\t\t\t\t\t\t\t\t\t\t<!--Start Single Fact Counter-->\n\t\t\t\t\t\t\t\t<li class=\"single-fact-counter wow fadeInUp text-center\" data-wow-delay=\"100ms\" data-wow-duration=\"1500ms\">\n\t\t\t\t\t\t\t\t\t<div class=\"count-box\">\n\t\t\t\t\t\t\t\t\t\t<h2>\n\t\t\t\t\t\t\t\t\t\t\n\t\t\t\t\t\t\t\t\t\t\t<span class=\"timer\" data-from=\"1\" data-to=\"3\" data-speed=\"5000\" data-refresh-interval=\"50\">3<\/span>\n\t\t\t\t\t\t\t\t\t\t\t<span class=\"k\">k<\/span>\n\t\t\t\t\t\t\t\t\t\t<\/h2>\n\t\t\t\t\t\t\t\t\t\t<div class=\"sub-title\">\n\t\t\t\t\t\t\t\t\t\t\t<h5>Anrufe insgesamt<\/h5>    \n\t\t\t\t\t\t\t\t\t\t<\/div>\n\t\t\t\t\t\t\t\t\t<\/div>\n\t\t\t\t\t\t\t\t<\/li>\n\t\t\t\t\t\t\t\t<!--End Single Fact Counter-->\n\t\t\t\t\t\t\t\t\t\t\t\t\t\t\t\t<!--Start Single Fact Counter-->\n\t\t\t\t\t\t\t\t<li class=\"single-fact-counter wow fadeInUp text-center\" data-wow-delay=\"100ms\" data-wow-duration=\"1500ms\">\n\t\t\t\t\t\t\t\t\t<div class=\"count-box\">\n\t\t\t\t\t\t\t\t\t\t<h2>\n\t\t\t\t\t\t\t\t\t\t\n\t\t\t\t\t\t\t\t\t\t\t<span class=\"timer\" data-from=\"1\" data-to=\"35\" data-speed=\"5000\" data-refresh-interval=\"50\">35<\/span>\n\t\t\t\t\t\t\t\t\t\t\t<span class=\"k\"><\/span>\n\t\t\t\t\t\t\t\t\t\t<\/h2>\n\t\t\t\t\t\t\t\t\t\t<div class=\"sub-title\">\n\t\t\t\t\t\t\t\t\t\t\t<h5>Auszeichnungen gewinnen<\/h5>    \n\t\t\t\t\t\t\t\t\t\t<\/div>\n\t\t\t\t\t\t\t\t\t<\/div>\n\t\t\t\t\t\t\t\t<\/li>\n\t\t\t\t\t\t\t\t<!--End Single Fact Counter-->\n\t\t\t\t\t\t\t\t\t\t\t\t\t\t\t<\/ul>\n\t\t\t\t\t\t<\/div>\n\t\t\t\t\t<\/div>\n\n\t\t\t\t<\/div>\n\t\t\t<\/div>\n\t\t<\/section>   \n\t\t<!--End Fact Counter Area-->\n             \n\t\t\t\t<\/div>\n\t\t\t\t<\/div>\n\t\t\t\t\t<\/div>\n\t\t<\/div>\n\t\t\t\t\t\t\t<\/div>\n\t\t<\/section>\n\t\t\t\t<section class=\"elementor-section elementor-top-section elementor-element elementor-element-97eec15 elementor-section-stretched elementor-hidden-desktop elementor-hidden-tablet elementor-hidden-phone elementor-section-boxed elementor-section-height-default elementor-section-height-default\" data-id=\"97eec15\" data-element_type=\"section\" data-settings=\"{&quot;stretch_section&quot;:&quot;section-stretched&quot;}\">\n\t\t\t\t\t\t<div class=\"elementor-container elementor-column-gap-no\">\n\t\t\t\t\t<div class=\"elementor-column elementor-col-50 elementor-top-column elementor-element elementor-element-69a46c79\" data-id=\"69a46c79\" data-element_type=\"column\">\n\t\t\t<div class=\"elementor-widget-wrap elementor-element-populated\">\n\t\t\t\t\t\t\t\t<div class=\"elementor-element elementor-element-6e204f11 elementor-widget elementor-widget-corvex_h3_testimonial_left\" data-id=\"6e204f11\" data-element_type=\"widget\" data-widget_type=\"corvex_h3_testimonial_left.default\">\n\t\t\t\t<div class=\"elementor-widget-container\">\n\t\t\t        \n\t\t<!--Start Testimonial style2 Area-->\n\t\t<section class=\" testimonial-style2-area\">\n\t\t\t<div class=\"container\">\n\t\t\t\t<div class=\"row\">\n\t\t\t\t\t<div class=\"col-xl-12\">\n\t\t\t\t\t\t<div class=\"testimonial-style2-image-box\">\n\t\t\t\t\t\t\t\t\t\t\t\t\t\t<div class=\"shape1 float-bob-y\">\n\t\t\t\t\t\t\t\t<img decoding=\"async\" src=\"https:\/\/meat.injazco.net\/wp-content\/uploads\/2021\/02\/shape-5.png\" alt=\"\">\n\t\t\t\t\t\t\t\t\t\t\t\t\t\t\t<\/div>\n\t\t\t\t\t\t\t\t\t\t\t\t\t\t<div class=\"shape2\">\n\t\t\t\t\t\t\t\t<img decoding=\"async\" src=\"https:\/\/meat.injazco.net\/wp-content\/uploads\/2021\/02\/shape-12.png\" alt=\"\">\n\t\t\t\t\t\t\t\t\t\t\t\t\t\t\t<\/div>\n\t\t\t\t\t\t\t\t\t\t\t\t\t\t<div class=\"inner\">\n\t\t\t\t\t\t\t\t<img decoding=\"async\" src=\"https:\/\/meat.injazco.net\/wp-content\/uploads\/2021\/02\/testimonial-big-image-3.png\" alt=\"\">\n\t\t\t\t\t\t\t\t\t\t\t\t\t\t\t<\/div>\n\t\t\t\t\t\t\t<div class=\"quote-icon thm_bgclr1\">\n\t\t\t\t\t\t\t\t<span class=\"icon-right-quotes-symbol\"><\/span>    \n\t\t\t\t\t\t\t<\/div>\n\t\t\t\t\t\t<\/div>    \n\t\t\t\t\t<\/div>\n\t\t\t\t<\/div>   \n\t\t\t<\/div>\n\t\t<\/section>\n\t\t<!--End Testimonial Style2 Area-->\n             \n\t\t\t\t<\/div>\n\t\t\t\t<\/div>\n\t\t\t\t\t<\/div>\n\t\t<\/div>\n\t\t\t\t<div class=\"elementor-column elementor-col-50 elementor-top-column elementor-element elementor-element-196db82\" data-id=\"196db82\" data-element_type=\"column\">\n\t\t\t<div class=\"elementor-widget-wrap elementor-element-populated\">\n\t\t\t\t\t\t\t\t<div class=\"elementor-element elementor-element-b339c6e elementor-widget elementor-widget-corvex_h3_testimonial_right\" data-id=\"b339c6e\" data-element_type=\"widget\" data-widget_type=\"corvex_h3_testimonial_right.default\">\n\t\t\t\t<div class=\"elementor-widget-container\">\n\t\t\t        \n\t\t<!--Start Testimonial style2 Area-->\n\t\t<section class=\" testimonial-style2-area\">\n\t\t\t<div class=\"container\">\n\t\t\t\t<div class=\"row\">\n\t\t\t\t\t<div class=\"col-xl-12 text-right-rtl\">\n\t\t\t\t\t\t<div class=\"testimonial-style1-content\">\n\t\t\t\t\t\t\t<div class=\"inner-content\">\n\t\t\t\t\t\t\t\t<div class=\"sec-title\">\n\t\t\t\t\t\t\t\t\t<div class=\"sub-title\">\n\t\t\t\t\t\t\t\t\t\t<h4 class=\"thm_clr1\">Testimonials<\/h4><span class=\"right\"><\/span>\n\t\t\t\t\t\t\t\t\t<\/div>\n\t\t\t\t\t\t\t\t\t<h2>What Our Clients Say<br>About Corvex?<\/h2>\n\t\t\t\t\t\t\t\t<\/div>\n\t\t\t\t\t\t\t\t<div class=\"testimonial-carousel owl-carousel owl-theme owl-nav-style-one\">\n\t\t\t\t\t\t\t\t\n\t\t\t\t\t\t\t\t\t\t\t\t\t\t\t\t\t\n\t\t\t\t\t\t\t\t\t<!--Start Single Testimonial Style1-->\n\t\t\t\t\t\t\t\t\t<div class=\"single-testimonial-style1\">\n\t\t\t\t\t\t\t\t\t\t<div class=\"quote-icon-box\"><span class=\"icon-right-quotes-symbol\"><\/span><\/div>\n\t\t\t\t\t\t\t\t\t\t<div class=\"text-box\">\n\t\t\t\t\t\t\t\t\t\t\t<p>Our goal each day is to ensure that our residents needs are not only met but exceeded. To make that happen we are committed to providingesidentsof amenities that allow them to feel independent.<\/p>\n\t\t\t\t\t\t\t\t\t\t<\/div>\n\t\t\t\t\t\t\t\t\t\t<div class=\"client-info\">\n\t\t\t\t\t\t\t\t\t\t\t<div class=\"image-box\">\n\t\t\t\t\t\t\t\t\t\t\t\t<img decoding=\"async\" src=\"https:\/\/meat.injazco.net\/wp-content\/uploads\/2021\/02\/tes-v1-1.png\" alt=\"\">    \n\t\t\t\t\t\t\t\t\t\t\t<\/div>\n\t\t\t\t\t\t\t\t\t\t\t<div class=\"title-box\">\n\t\t\t\t\t\t\t\t\t\t\t\t<h3>Rebeka Dawson<\/h3>\n\t\t\t\t\t\t\t\t\t\t\t\t<span>Instructor<\/span>\n\t\t\t\t\t\t\t\t\t\t\t<\/div>\n\t\t\t\t\t\t\t\t\t\t<\/div>  \n\t\t\t\t\t\t\t\t\t<\/div>\n\t\t\t\t\t\t\t\t\t<!--End Single Testimonial Style1-->\n\t\t\t\t\t\t\t\t\t\n\t\t\t\t\t\t\t\t\t\t\t\t\t\t\t\t\t\n\t\t\t\t\t\t\t\t\t<!--Start Single Testimonial Style1-->\n\t\t\t\t\t\t\t\t\t<div class=\"single-testimonial-style1\">\n\t\t\t\t\t\t\t\t\t\t<div class=\"quote-icon-box\"><span class=\"icon-right-quotes-symbol\"><\/span><\/div>\n\t\t\t\t\t\t\t\t\t\t<div class=\"text-box\">\n\t\t\t\t\t\t\t\t\t\t\t<p>Our goal each day is to ensure that our residents needs are not only met but exceeded. To make that happen we are committed to providingesidentsof amenities that allow them to feel independent.<\/p>\n\t\t\t\t\t\t\t\t\t\t<\/div>\n\t\t\t\t\t\t\t\t\t\t<div class=\"client-info\">\n\t\t\t\t\t\t\t\t\t\t\t<div class=\"image-box\">\n\t\t\t\t\t\t\t\t\t\t\t\t<img decoding=\"async\" src=\"https:\/\/meat.injazco.net\/wp-content\/uploads\/2021\/02\/tes-v1-1.png\" alt=\"\">    \n\t\t\t\t\t\t\t\t\t\t\t<\/div>\n\t\t\t\t\t\t\t\t\t\t\t<div class=\"title-box\">\n\t\t\t\t\t\t\t\t\t\t\t\t<h3>Rebeka Dawson<\/h3>\n\t\t\t\t\t\t\t\t\t\t\t\t<span>Instructor<\/span>\n\t\t\t\t\t\t\t\t\t\t\t<\/div>\n\t\t\t\t\t\t\t\t\t\t<\/div>  \n\t\t\t\t\t\t\t\t\t<\/div>\n\t\t\t\t\t\t\t\t\t<!--End Single Testimonial Style1-->\n\t\t\t\t\t\t\t\t\t\n\t\t\t\t\t\t\t\t\t\t\t\t\t\t\t\t\t\t\n\t\t\t\t\t\t\t\t<\/div>\n\t\t\t\t\t\t\t<\/div>\n\t\t\t\t\t\t<\/div>\n\t\t\t\t\t<\/div>\n\t\t\t\t\t\n\t\t\t\t<\/div>   \n\t\t\t<\/div>\n\t\t<\/section>\n\t\t<!--End Testimonial Style2 Area-->\n             \n\t\t\t\t<\/div>\n\t\t\t\t<\/div>\n\t\t\t\t\t<\/div>\n\t\t<\/div>\n\t\t\t\t\t\t\t<\/div>\n\t\t<\/section>\n\t\t\t\t\t\t\t<\/div>\n\t\t","protected":false},"excerpt":{"rendered":"<p>\u00dcber Injaz.co Professionelles Import-Export-Unternehmen Wir sind \u201eINJAZ.CO\u201c ein Import-Export-Unternehmen, das frisches Rinderfleisch und Leber aus Polen und Deutschland nach \u00c4gypten exportiert und importiert. Unsere Marke ist fest davon \u00fcberzeugt, ihren Verbrauchern frisches und gesundes Fleisch anstelle von Tiefk\u00fchlprodukten anzubieten. Wir k\u00fcmmern uns nur um das Frischfleisch und liefern die frischen Produkte ohne chemische Gefrierbehandlungen an [&hellip;]<\/p>\n","protected":false},"author":1,"featured_media":0,"parent":0,"menu_order":0,"comment_status":"closed","ping_status":"closed","template":"tpl-default-elementor.php","meta":{"footnotes":""},"class_list":["post-1445","page","type-page","status-publish","hentry"],"_links":{"self":[{"href":"https:\/\/meat.injazco.net\/de\/wp-json\/wp\/v2\/pages\/1445","targetHints":{"allow":["GET"]}}],"collection":[{"href":"https:\/\/meat.injazco.net\/de\/wp-json\/wp\/v2\/pages"}],"about":[{"href":"https:\/\/meat.injazco.net\/de\/wp-json\/wp\/v2\/types\/page"}],"author":[{"embeddable":true,"href":"https:\/\/meat.injazco.net\/de\/wp-json\/wp\/v2\/users\/1"}],"replies":[{"embeddable":true,"href":"https:\/\/meat.injazco.net\/de\/wp-json\/wp\/v2\/comments?post=1445"}],"version-history":[{"count":11,"href":"https:\/\/meat.injazco.net\/de\/wp-json\/wp\/v2\/pages\/1445\/revisions"}],"predecessor-version":[{"id":1580,"href":"https:\/\/meat.injazco.net\/de\/wp-json\/wp\/v2\/pages\/1445\/revisions\/1580"}],"wp:attachment":[{"href":"https:\/\/meat.injazco.net\/de\/wp-json\/wp\/v2\/media?parent=1445"}],"curies":[{"name":"wp","href":"https:\/\/api.w.org\/{rel}","templated":true}]}}